{"id":15,"date":"2017-02-09T16:02:55","date_gmt":"2017-02-09T16:02:55","guid":{"rendered":"http:\/\/sw-themes.com\/porto_dummy\/?page_id=15"},"modified":"2023-11-04T12:20:27","modified_gmt":"2023-11-04T09:20:27","slug":"home","status":"publish","type":"page","link":"https:\/\/demirkayamuhendislik.com\/","title":{"rendered":"Anasayfa"},"content":{"rendered":"<p>[vc_row full_width=&#8221;stretch_row_content_no_spaces&#8221; wrap_container=&#8221;yes&#8221; css=&#8221;.vc_custom_1561589783024{margin-top: -30px !important;background-color: #0072b9 !important;}&#8221;][vc_column width=&#8221;1\/4&#8243; css=&#8221;.vc_custom_1561588561750{border-radius: 1px !important;}&#8221;][vc_empty_space]<div id=\"porto-icon-7425962406a078792db68f\" class=\"porto-just-icon-wrapper  \"><div class=\"align-icon\" style=\"text-align:center;\">\n<div class=\"porto-icon advanced \" data-appear-animation=\"zoomIn\" style=\"color:#ffffff;background:#0072b9;border-style:inset;border-color:#ffffff;border-width:2px;width:100px;height:100px;line-height:100px;border-radius:500px;font-size:48px;display:inline-block;\">\n\t<i class=\"porto-icon-search-1\"><\/i>\n<\/div><\/div><\/div>[vc_empty_space][vc_custom_heading text=&#8221;\u00dcCRETS\u0130Z KE\u015e\u0130F&#8221; font_container=&#8221;tag:h2|font_size:24|text_align:center|color:%23ffffff&#8221; google_fonts=&#8221;font_family:Roboto%3A100%2C100italic%2C300%2C300italic%2Cregular%2Citalic%2C500%2C500italic%2C700%2C700italic%2C900%2C900italic|font_style:300%20light%20regular%3A300%3Anormal&#8221;][\/vc_column][vc_column width=&#8221;1\/4&#8243;][vc_empty_space]<div id=\"porto-icon-6463903356a078792db9c2\" class=\"porto-just-icon-wrapper  \"><div class=\"align-icon\" style=\"text-align:center;\">\n<div class=\"porto-icon advanced \" data-appear-animation=\"zoomIn\" style=\"color:#ffffff;background:#0072b9;border-style:inset;border-color:#ffffff;border-width:2px;width:100px;height:100px;line-height:100px;border-radius:500px;font-size:48px;display:inline-block;\">\n\t<i class=\"Simple-Line-Icons-note\"><\/i>\n<\/div><\/div><\/div>[vc_empty_space][vc_custom_heading text=&#8221;PROJE HAZIRLAMA&#8221; font_container=&#8221;tag:h2|font_size:24|text_align:center|color:%23ffffff&#8221; google_fonts=&#8221;font_family:Roboto%3A100%2C100italic%2C300%2C300italic%2Cregular%2Citalic%2C500%2C500italic%2C700%2C700italic%2C900%2C900italic|font_style:300%20light%20regular%3A300%3Anormal&#8221;][\/vc_column][vc_column width=&#8221;1\/4&#8243;][vc_empty_space]<div id=\"porto-icon-5243578856a078792dbcaa\" class=\"porto-just-icon-wrapper  \"><div class=\"align-icon\" style=\"text-align:center;\">\n<div class=\"porto-icon advanced \" data-appear-animation=\"zoomIn\" style=\"color:#ffffff;background:#0072b9;border-style:inset;border-color:#ffffff;border-width:2px;width:100px;height:100px;line-height:100px;border-radius:500px;font-size:48px;display:inline-block;\">\n\t<i class=\"porto-icon-check\"><\/i>\n<\/div><\/div><\/div>[vc_empty_space][vc_custom_heading text=&#8221;UYGULAMA&#8221; font_container=&#8221;tag:h2|font_size:24|text_align:center|color:%23ffffff&#8221; google_fonts=&#8221;font_family:Roboto%3A100%2C100italic%2C300%2C300italic%2Cregular%2Citalic%2C500%2C500italic%2C700%2C700italic%2C900%2C900italic|font_style:300%20light%20regular%3A300%3Anormal&#8221;][\/vc_column][vc_column width=&#8221;1\/4&#8243;][vc_empty_space]<div id=\"porto-icon-20604997086a078792dbf84\" class=\"porto-just-icon-wrapper  \"><div class=\"align-icon\" style=\"text-align:center;\">\n<div class=\"porto-icon advanced \" data-appear-animation=\"zoomIn\" style=\"color:#ffffff;background:#0072b9;border-style:inset;border-color:#ffffff;border-width:2px;width:100px;height:100px;line-height:100px;border-radius:500px;font-size:48px;display:inline-block;\">\n\t<i class=\"porto-icon-clock\"><\/i>\n<\/div><\/div><\/div>[vc_empty_space][vc_custom_heading text=&#8221;ZAMANINDA TESL\u0130M&#8221; font_container=&#8221;tag:h2|font_size:24|text_align:center|color:%23ffffff&#8221; google_fonts=&#8221;font_family:Roboto%3A100%2C100italic%2C300%2C300italic%2Cregular%2Citalic%2C500%2C500italic%2C700%2C700italic%2C900%2C900italic|font_style:300%20light%20regular%3A300%3Anormal&#8221;][\/vc_column][\/vc_row][vc_row css=&#8221;.vc_custom_1561990879026{padding-top: 40px !important;padding-bottom: 35px !important;}&#8221; el_id=&#8221;speakers&#8221;][vc_column width=&#8221;1\/2&#8243;][vc_single_image image=&#8221;342&#8243; img_size=&#8221;full&#8221; animation_delay=&#8221;5&#8243; animation_type=&#8221;fadeInLeftBig&#8221;][\/vc_column][vc_column width=&#8221;1\/2&#8243;][vc_custom_heading text=&#8221;DEM\u0130RKAYA M\u00dcHEND\u0130SL\u0130K&#8221; font_container=&#8221;tag:h1|text_align:center&#8221; use_theme_fonts=&#8221;yes&#8221; el_class=&#8221;m-b-none&#8221;][vc_column_text css=&#8221;.vc_custom_1561983373905{margin-top: 15px !important;}&#8221;]<\/p>\n<p style=\"text-align: center;\"><span style=\"color: #999999;\"><em>&#8220;\u00d6ncelikleriniz, \u00f6nceliklerimizdir.&#8221;<\/em><\/span><\/p>\n<p>[\/vc_column_text][vc_separator color=&#8221;custom&#8221; show_icon=&#8221;yes&#8221; icon_type=&#8221;image&#8221; icon_style=&#8221;style-3&#8243; accent_color=&#8221;#0077c0&#8243; icon_color=&#8221;#ff8416&#8243; icon_image=&#8221;333&#8243;][vc_empty_space height=&#8221;12px&#8221;][vc_column_text]Demirkaya M\u00fchendislik olarak temellerimizi 1996 y\u0131l\u0131nda, tesisat sekt\u00f6r\u00fcndeki hizmetlerimizle atarak yola \u00e7\u0131km\u0131\u015f bulunmaktay\u0131z.<\/p>\n<p>Her zaman bir i\u015fletme olarak kendimizi ve \u00e7al\u0131\u015fanlar\u0131m\u0131z\u0131 geli\u015ftirmeyi ama\u00e7 edinen firmam\u0131z, bug\u00fcn tesisattan \u0131s\u0131tmaya, do\u011falgazdan havaland\u0131rmaya, plan proje \u00e7iziminden taahh\u00fct i\u015flerine kadar pek \u00e7ok alanda hizmet vermektedir.[\/vc_column_text][vc_btn title=&#8221;T\u00fcm\u00fc \u0130\u00e7in T\u0131klay\u0131n\u0131z&#8221; style=&#8221;outline-custom&#8221; outline_custom_color=&#8221;#0077c0&#8243; outline_custom_hover_background=&#8221;#ffffff&#8221; outline_custom_hover_text=&#8221;#0077c0&#8243; size=&#8221;xl&#8221; align=&#8221;center&#8221; button_block=&#8221;true&#8221; link=&#8221;url:https%3A%2F%2Fdemirkayamuhendislik.com%2Fhakkimizda%2F|title:Hakk%C4%B1m%C4%B1zda||&#8221;][\/vc_column][\/vc_row][vc_row full_width=&#8221;stretch_row_content_no_spaces&#8221; equal_height=&#8221;yes&#8221; wrap_container=&#8221;yes&#8221; el_id=&#8221;about&#8221; css=&#8221;.vc_custom_1561989311840{background: #f4f4f4 url(http:\/\/yeni.demirkayamuhendislik.com\/wp-content\/uploads\/2019\/07\/carousel-block-bg_1.jpg?id=365) !important;background-position: center !important;background-repeat: no-repeat !important;background-size: cover !important;}&#8221;][vc_column offset=&#8221;vc_col-lg-12 vc_col-md-12&#8243;][vc_empty_space height=&#8221;50px&#8221;][vc_custom_heading text=&#8221;\u00dcR\u00dcN GRUPLARIMIZ&#8221; font_container=&#8221;tag:h1|text_align:center|color:%230077c1&#8243; use_theme_fonts=&#8221;yes&#8221; el_class=&#8221;m-b-none&#8221;][vc_column_text css=&#8221;.vc_custom_1561989067176{margin-top: 15px !important;}&#8221;]<\/p>\n<p style=\"text-align: center;\">Evinize ve i\u015f yerinize alaca\u011f\u0131n\u0131z kambiler, klimalar ve g\u00fcne\u015f enerjisi sistemleriyle tan\u0131\u015fmak, \u00fccretsiz ke\u015fif ve daha fazlas\u0131 i\u00e7in bizi aray\u0131n.<\/p>\n<p>[\/vc_column_text][vc_separator color=&#8221;custom&#8221; show_icon=&#8221;yes&#8221; icon_type=&#8221;image&#8221; icon_style=&#8221;style-3&#8243; accent_color=&#8221;#0077c0&#8243; icon_color=&#8221;#ff8416&#8243; icon_image=&#8221;333&#8243;][vc_empty_space height=&#8221;50px&#8221;]<div id=\"porto-carousel-17100409746a078792dc345\" class=\"porto-carousel-wrapper  \" data-gutter=\"15\" data-rtl=\"false\" ><div class=\"porto-ultimate-carousel porto-carousel-17348329866a078792dc305 \" >[vc_single_image image=&#8221;354&#8243; img_size=&#8221;full&#8221; alignment=&#8221;center&#8221; style=&#8221;vc_box_shadow_3d&#8221; onclick=&#8221;custom_link&#8221; link=&#8221;https:\/\/demirkayamuhendislik.com\/urun-kategori\/yogusmali-kombiler\/&#8221;][vc_single_image image=&#8221;349&#8243; img_size=&#8221;full&#8221; alignment=&#8221;center&#8221; style=&#8221;vc_box_shadow_3d&#8221; onclick=&#8221;custom_link&#8221; link=&#8221;https:\/\/demirkayamuhendislik.com\/urun-kategori\/klimalar\/&#8221;][vc_single_image image=&#8221;353&#8243; img_size=&#8221;full&#8221; alignment=&#8221;center&#8221; style=&#8221;vc_box_shadow_3d&#8221; onclick=&#8221;custom_link&#8221; link=&#8221;https:\/\/demirkayamuhendislik.com\/urun-kategori\/gunes-enerji-sistemleri\/&#8221;]<\/div><\/div><script>\n\tjQuery(document).ready(function ($) {\n\t\tif ($.fn.slick) {\n\t\t\t$('.porto-carousel-17348329866a078792dc305').slick({dots: true,autoplay: true,autoplaySpeed: 5000,speed: 300,infinite: true,arrows: true,nextArrow: '<button type=\"button\" role=\"button\" aria-label=\"Next\" style=\"color:#333333; font-size:20px;\" class=\"slick-next default\"><i class=\"fas fa-chevron-right\"><\/i><\/button>',prevArrow: '<button type=\"button\" role=\"button\" aria-label=\"Previous\" style=\"color:#333333; font-size:20px;\" class=\"slick-prev default\"><i class=\"fas fa-chevron-left\"><\/i><\/button>',slidesToScroll:2,slidesToShow:2,swipe: true,draggable: true,touchMove: true,pauseOnHover: true,responsive: [\n\t\t\t\t{\n\t\t\t\t  breakpoint: 1025,\n\t\t\t\t  settings: {\n\t\t\t\t\tslidesToShow: 2,\n\t\t\t\t\tslidesToScroll: 2,  \n\t\t\t\t  }\n\t\t\t\t},\n\t\t\t\t{\n\t\t\t\t  breakpoint: 769,\n\t\t\t\t  settings: {\n\t\t\t\t\tslidesToShow: 2,\n\t\t\t\t\tslidesToScroll: 2\n\t\t\t\t  }\n\t\t\t\t},\n\t\t\t\t{\n\t\t\t\t  breakpoint: 481,\n\t\t\t\t  settings: {\n\t\t\t\t\tslidesToShow: 1,\n\t\t\t\t\tslidesToScroll: 1\n\t\t\t\t  }\n\t\t\t\t}\n\t\t\t],pauseOnDotsHover: true,customPaging: function(slider, i) {\n\t   return '<i type=\"button\" style=\"color:#333333;\" class=\"far fa-circle\" data-role=\"none\"><\/i>';\n\t},});\n\t\t} else {\n\t\t\tvar c = document.createElement(\"script\");\n\t\t\tc.src = \"\";\n\t\t\tif (!$('script[src=\"' + c.src + '\"]').length) {\n\t\t\t\tdocument.getElementsByTagName(\"body\")[0].appendChild(c);\n\t\t\t}\n\t\t\tc = document.createElement(\"script\");\n\t\t\tc.src = \"\";\n\t\t\tif (!$('script[src=\"' + c.src + '\"]').length) {\n\t\t\t\tdocument.getElementsByTagName(\"body\")[0].appendChild(c);\n\t\t\t}\n\t\t\tsetTimeout(function() {\n\t\t\t\tif ($.fn.slick) { $('.porto-carousel-17348329866a078792dc305').slick({dots: true,autoplay: true,autoplaySpeed: 5000,speed: 300,infinite: true,arrows: true,nextArrow: '<button type=\"button\" role=\"button\" aria-label=\"Next\" style=\"color:#333333; font-size:20px;\" class=\"slick-next default\"><i class=\"fas fa-chevron-right\"><\/i><\/button>',prevArrow: '<button type=\"button\" role=\"button\" aria-label=\"Previous\" style=\"color:#333333; font-size:20px;\" class=\"slick-prev default\"><i class=\"fas fa-chevron-left\"><\/i><\/button>',slidesToScroll:2,slidesToShow:2,swipe: true,draggable: true,touchMove: true,pauseOnHover: true,responsive: [\n\t\t\t\t{\n\t\t\t\t  breakpoint: 1025,\n\t\t\t\t  settings: {\n\t\t\t\t\tslidesToShow: 2,\n\t\t\t\t\tslidesToScroll: 2,  \n\t\t\t\t  }\n\t\t\t\t},\n\t\t\t\t{\n\t\t\t\t  breakpoint: 769,\n\t\t\t\t  settings: {\n\t\t\t\t\tslidesToShow: 2,\n\t\t\t\t\tslidesToScroll: 2\n\t\t\t\t  }\n\t\t\t\t},\n\t\t\t\t{\n\t\t\t\t  breakpoint: 481,\n\t\t\t\t  settings: {\n\t\t\t\t\tslidesToShow: 1,\n\t\t\t\t\tslidesToScroll: 1\n\t\t\t\t  }\n\t\t\t\t}\n\t\t\t],pauseOnDotsHover: true,customPaging: function(slider, i) {\n\t   return '<i type=\"button\" style=\"color:#333333;\" class=\"far fa-circle\" data-role=\"none\"><\/i>';\n\t},}); }\n\t\t\t}, 300);\n\t\t}\n\t});\n<\/script>\n[vc_empty_space height=&#8221;50px&#8221;][\/vc_column][\/vc_row][vc_row css=&#8221;.vc_custom_1561990932229{padding-top: 40px !important;padding-bottom: 35px !important;}&#8221; el_id=&#8221;sss&#8221;][vc_column][vc_custom_heading text=&#8221;SIK\u00c7A SORULAN SORULAR&#8221; font_container=&#8221;tag:h1|text_align:center&#8221; use_theme_fonts=&#8221;yes&#8221; el_class=&#8221;m-b-none&#8221;][vc_column_text css=&#8221;.vc_custom_1561983212645{margin-top: 15px !important;}&#8221;]<\/p>\n<p style=\"text-align: center;\">Do\u011falgaz proje, taahh\u00fct ve uygulamalar ile ilgili s\u0131k\u00e7a sorulan sorular<\/p>\n<p>[\/vc_column_text][vc_separator color=&#8221;custom&#8221; show_icon=&#8221;yes&#8221; icon_type=&#8221;image&#8221; icon_style=&#8221;style-3&#8243; accent_color=&#8221;#0077c0&#8243; icon_color=&#8221;#ff8416&#8243; icon_image=&#8221;333&#8243;][vc_tta_accordion][vc_tta_section title=&#8221;Cihaz\u0131m\u0131 nas\u0131l devreye alabilirim?&#8221; tab_id=&#8221;1560640375278-db98c0e0-1abe&#8221;][vc_column_text]Cihaz\u0131n\u0131z\u0131n devreye al\u0131nmas\u0131 i\u00e7in bizimle temasa ge\u00e7ebilirsiniz. M\u00fc\u015fteri temsilcimiz sizin i\u00e7in devreye al\u0131m bildirimi yapacak, uzman teknikerlerimizin i\u015flemi ger\u00e7ekle\u015ftirmelerini sa\u011flayacakt\u0131r.[\/vc_column_text][\/vc_tta_section][vc_tta_section title=&#8221;Kombimize ne kadar s\u0131kl\u0131kta bak\u0131m yapmal\u0131y\u0131m ?&#8221; tab_id=&#8221;1560640375347-4b7cb98e-2eeb&#8221;][vc_column_text]Cihaz\u0131n\u0131z\u0131n kullan\u0131m \u00f6mr\u00fcn\u00fc uzatmak ve verimini daha da artt\u0131rmak i\u00e7in senede 1 kez mutlak suretle bak\u0131m\u0131n\u0131 yapt\u0131rman\u0131z gerekmektedir.[\/vc_column_text][\/vc_tta_section][vc_tta_section title=&#8221;Yo\u011fu\u015fmal\u0131 kombi nedir ?&#8221; tab_id=&#8221;1560640563391-8a68bf4f-6dbe&#8221;][vc_column_text]At\u0131k gaz, konvansiyonel cihazlarda bacadan do\u011frudan at\u0131l\u0131rken, tam yo\u011fu\u015fmal\u0131 cihazlarda bacadan at\u0131lmadan \u00f6nce sisteme geri kazand\u0131r\u0131larak ilave verim elde edilir. Bu sayede \u00e7evreye at\u0131lan at\u0131k gaz miktar\u0131 azalarak hava kirlili\u011finin \u00f6n\u00fcne ge\u00e7ilir. Vaillant tam yo\u011fu\u015fmal\u0131 kombiler Avrupa&#8217;da Eyl\u00fcl 2015&#8217;te zorunlu olarak y\u00fcr\u00fcrl\u00fc\u011fe girmi\u015f olan ERP y\u00f6netmeli\u011finin t\u00fcm verimlilik \u015fartlar\u0131n\u0131 sa\u011flamaktad\u0131r.[\/vc_column_text][\/vc_tta_section][vc_tta_section title=&#8221;Kombim ar\u0131zaland\u0131 ne yapmal\u0131y\u0131m ?&#8221; tab_id=&#8221;1560640595892-9048aa84-cd55&#8243;][vc_column_text]0 462 224 19 07 Eri\u015fim numaram\u0131zdan \u00c7\u00f6z\u00fcm Merkezini arayabilir veya www.demirkayamuhendislik.com web sitemizden servis talebinde bulunabilirsiniz.[\/vc_column_text][\/vc_tta_section][vc_tta_section title=&#8221;Oda termostat\u0131 ne i\u015fe yarar , ne gibi avantaj sa\u011flar ?&#8221; tab_id=&#8221;1560640680534-8d8d61a5-e291&#8243;][vc_column_text]Is\u0131tma sistemini ayarlanan s\u0131cakl\u0131\u011fa ve yap\u0131lan zaman program\u0131na g\u00f6re \u00e7al\u0131\u015ft\u0131r\u0131r, s\u0131cakl\u0131k konforu ve yak\u0131t tasarrufu sa\u011flar.[\/vc_column_text][\/vc_tta_section][\/vc_tta_accordion][\/vc_column][\/vc_row][vc_row full_width=&#8221;stretch_row_content_no_spaces&#8221; wrap_container=&#8221;yes&#8221; css=&#8221;.vc_custom_1561989827126{background: #f5f7f9 url(http:\/\/yeni.demirkayamuhendislik.com\/wp-content\/uploads\/2019\/07\/map-background.jpg?id=367) !important;background-position: 0 0 !important;background-repeat: no-repeat !important;}&#8221;][vc_column][vc_empty_space height=&#8221;50px&#8221;][vc_custom_heading text=&#8221;B\u0130ZDEN HABERLER&#8221; font_container=&#8221;tag:h1|text_align:center&#8221; use_theme_fonts=&#8221;yes&#8221; el_class=&#8221;m-b-none&#8221;][vc_column_text css=&#8221;.vc_custom_1561982640867{margin-top: 15px !important;}&#8221;]<\/p>\n<p style=\"text-align: center;\">Do\u011falgaz \u00fczerine haber ve blog yaz\u0131lar\u0131na buradan ula\u015fabilirsiniz.<\/p>\n<p>[\/vc_column_text][vc_separator color=&#8221;custom&#8221; show_icon=&#8221;yes&#8221; icon_type=&#8221;image&#8221; icon_style=&#8221;style-3&#8243; accent_color=&#8221;#0077c0&#8243; icon_color=&#8221;#ff8416&#8243; icon_image=&#8221;333&#8243;]<div id=\"porto-blog-3482\" class=\"porto-blog wpb_content_element \">\t\t<div class=\"blog-posts posts-grid blog-posts-grid\">\n\t\t\t<div class=\"posts-container row owl-carousel porto-carousel has-ccols show-nav-middle ccols-xl-3 ccols-md-2\" data-plugin-options=\"{&quot;themeConfig&quot;:true,&quot;items&quot;:3,&quot;lg&quot;:3,&quot;md&quot;:2,&quot;xs&quot;:1,&quot;nav&quot;:true,&quot;dots&quot;:false}\">\n\t\t<div class=\"post post-grid col-md-12 post-307 post type-post status-publish format-standard has-post-thumbnail hentry category-genel blog-post-item post-item-grid\">\n\t\t\t<div class=\"post-image img-thumbnail\">\n\t\t\t<a href=\"https:\/\/demirkayamuhendislik.com\/?p=307\">\n\t\t\t\t<img width=\"450\" height=\"231\" src=\"https:\/\/demirkayamuhendislik.com\/wp-content\/uploads\/2019\/06\/anasayfa-slider-scot-kombi-1-450x231.jpg\" alt=\"\" \/>\n\t\t\t<\/a>\n\t\t<\/div>\n\t\t<div class=\"post-item-content\">\n\t\t\t\t\t<span class=\"post-date\">27 Haziran 2019<\/span>\n\t\t\t\t\t\t<h4 class=\"post-item-title\"><a href=\"https:\/\/demirkayamuhendislik.com\/?p=307\">NEDEN TAM YO\u011eU\u015eMALI KOMB\u0130 ALMALIYIM?<\/a><\/h4>\n\t\t\t<\/div>\n<\/div>\n<div class=\"post post-grid col-md-12 post-299 post type-post status-publish format-standard has-post-thumbnail hentry category-genel blog-post-item post-item-grid\">\n\t\t\t<div class=\"post-image img-thumbnail\">\n\t\t\t<a href=\"https:\/\/demirkayamuhendislik.com\/?p=299\">\n\t\t\t\t<img width=\"450\" height=\"231\" src=\"https:\/\/demirkayamuhendislik.com\/wp-content\/uploads\/2019\/06\/cropped-Baxi-EcoBlue-consumer-13-450x231.jpg\" alt=\"\" \/>\n\t\t\t<\/a>\n\t\t<\/div>\n\t\t<div class=\"post-item-content\">\n\t\t\t\t\t<span class=\"post-date\">27 Haziran 2019<\/span>\n\t\t\t\t\t\t<h4 class=\"post-item-title\"><a href=\"https:\/\/demirkayamuhendislik.com\/?p=299\">NEDEN TAM YO\u011eU\u015eMALI KOMB\u0130 ALMALIYIM?<\/a><\/h4>\n\t\t\t<\/div>\n<\/div>\n<div class=\"post post-grid col-md-12 post-294 post type-post status-publish format-standard has-post-thumbnail hentry category-genel blog-post-item post-item-grid\">\n\t\t\t<div class=\"post-image img-thumbnail\">\n\t\t\t<a href=\"https:\/\/demirkayamuhendislik.com\/?p=294\">\n\t\t\t\t<img width=\"450\" height=\"231\" src=\"https:\/\/demirkayamuhendislik.com\/wp-content\/uploads\/2019\/06\/slayt_1-450x231.jpg\" alt=\"\" \/>\n\t\t\t<\/a>\n\t\t<\/div>\n\t\t<div class=\"post-item-content\">\n\t\t\t\t\t<span class=\"post-date\">27 Haziran 2019<\/span>\n\t\t\t\t\t\t<h4 class=\"post-item-title\"><a href=\"https:\/\/demirkayamuhendislik.com\/?p=294\">NEDEN TAM YO\u011eU\u015eMALI KOMB\u0130 ALMALIYIM?<\/a><\/h4>\n\t\t\t<\/div>\n<\/div>\n\n\t\n\t\t\t<\/div>\n\t\t<\/div>\n\n\t\n\t\n\t<\/div>[\/vc_column][\/vc_row][vc_row full_width=&#8221;stretch_row&#8221; css=&#8221;.vc_custom_1561646959759{margin-bottom: -50px !important;padding-top: 65px !important;padding-bottom: 70px !important;background-color: #0072b9 !important;}&#8221; el_id=&#8221;sponsors&#8221;][vc_column]<div id=\"porto-carousel-9451682856a078792e07e7\" class=\"porto-carousel-wrapper  \" data-gutter=\"15\" data-rtl=\"false\" ><div class=\"porto-ultimate-carousel porto-carousel-4276284546a078792e07a0 \" >[vc_single_image image=&#8221;836&#8243; img_size=&#8221;full&#8221; alignment=&#8221;center&#8221; style=&#8221;vc_box_shadow_3d&#8221; onclick=&#8221;custom_link&#8221;][vc_single_image image=&#8221;322&#8243; img_size=&#8221;full&#8221; alignment=&#8221;center&#8221; style=&#8221;vc_box_shadow_3d&#8221; onclick=&#8221;custom_link&#8221;][vc_single_image image=&#8221;831&#8243; img_size=&#8221;full&#8221; alignment=&#8221;center&#8221; style=&#8221;vc_box_shadow_3d&#8221; onclick=&#8221;custom_link&#8221;][vc_single_image image=&#8221;832&#8243; img_size=&#8221;full&#8221; alignment=&#8221;center&#8221; style=&#8221;vc_box_shadow_3d&#8221; onclick=&#8221;custom_link&#8221;][vc_single_image image=&#8221;326&#8243; img_size=&#8221;full&#8221; alignment=&#8221;center&#8221; style=&#8221;vc_box_shadow_3d&#8221; onclick=&#8221;custom_link&#8221;]<\/div><\/div><script>\n\tjQuery(document).ready(function ($) {\n\t\tif ($.fn.slick) {\n\t\t\t$('.porto-carousel-4276284546a078792e07a0').slick({dots: true,autoplay: true,autoplaySpeed: 3500,speed: 300,infinite: true,arrows: true,nextArrow: '<button type=\"button\" role=\"button\" aria-label=\"Next\" style=\"color:; font-size:20px;\" class=\"slick-next default\"><i class=\"fas fa-chevron-right\"><\/i><\/button>',prevArrow: '<button type=\"button\" role=\"button\" aria-label=\"Previous\" style=\"color:; font-size:20px;\" class=\"slick-prev default\"><i class=\"fas fa-chevron-left\"><\/i><\/button>',slidesToScroll:1,slidesToShow:2,swipe: true,draggable: true,touchMove: true,pauseOnHover: true,responsive: [\n\t\t\t\t{\n\t\t\t\t  breakpoint: 1025,\n\t\t\t\t  settings: {\n\t\t\t\t\tslidesToShow: 2,\n\t\t\t\t\tslidesToScroll: 1,  \n\t\t\t\t  }\n\t\t\t\t},\n\t\t\t\t{\n\t\t\t\t  breakpoint: 769,\n\t\t\t\t  settings: {\n\t\t\t\t\tslidesToShow: 2,\n\t\t\t\t\tslidesToScroll: 2\n\t\t\t\t  }\n\t\t\t\t},\n\t\t\t\t{\n\t\t\t\t  breakpoint: 481,\n\t\t\t\t  settings: {\n\t\t\t\t\tslidesToShow: 1,\n\t\t\t\t\tslidesToScroll: 1\n\t\t\t\t  }\n\t\t\t\t}\n\t\t\t],pauseOnDotsHover: true,customPaging: function(slider, i) {\n\t   return '<i type=\"button\" style=\"color:#333333;\" class=\"far fa-circle\" data-role=\"none\"><\/i>';\n\t},});\n\t\t} else {\n\t\t\tvar c = document.createElement(\"script\");\n\t\t\tc.src = \"\";\n\t\t\tif (!$('script[src=\"' + c.src + '\"]').length) {\n\t\t\t\tdocument.getElementsByTagName(\"body\")[0].appendChild(c);\n\t\t\t}\n\t\t\tc = document.createElement(\"script\");\n\t\t\tc.src = \"\";\n\t\t\tif (!$('script[src=\"' + c.src + '\"]').length) {\n\t\t\t\tdocument.getElementsByTagName(\"body\")[0].appendChild(c);\n\t\t\t}\n\t\t\tsetTimeout(function() {\n\t\t\t\tif ($.fn.slick) { $('.porto-carousel-4276284546a078792e07a0').slick({dots: true,autoplay: true,autoplaySpeed: 3500,speed: 300,infinite: true,arrows: true,nextArrow: '<button type=\"button\" role=\"button\" aria-label=\"Next\" style=\"color:; font-size:20px;\" class=\"slick-next default\"><i class=\"fas fa-chevron-right\"><\/i><\/button>',prevArrow: '<button type=\"button\" role=\"button\" aria-label=\"Previous\" style=\"color:; font-size:20px;\" class=\"slick-prev default\"><i class=\"fas fa-chevron-left\"><\/i><\/button>',slidesToScroll:1,slidesToShow:2,swipe: true,draggable: true,touchMove: true,pauseOnHover: true,responsive: [\n\t\t\t\t{\n\t\t\t\t  breakpoint: 1025,\n\t\t\t\t  settings: {\n\t\t\t\t\tslidesToShow: 2,\n\t\t\t\t\tslidesToScroll: 1,  \n\t\t\t\t  }\n\t\t\t\t},\n\t\t\t\t{\n\t\t\t\t  breakpoint: 769,\n\t\t\t\t  settings: {\n\t\t\t\t\tslidesToShow: 2,\n\t\t\t\t\tslidesToScroll: 2\n\t\t\t\t  }\n\t\t\t\t},\n\t\t\t\t{\n\t\t\t\t  breakpoint: 481,\n\t\t\t\t  settings: {\n\t\t\t\t\tslidesToShow: 1,\n\t\t\t\t\tslidesToScroll: 1\n\t\t\t\t  }\n\t\t\t\t}\n\t\t\t],pauseOnDotsHover: true,customPaging: function(slider, i) {\n\t   return '<i type=\"button\" style=\"color:#333333;\" class=\"far fa-circle\" data-role=\"none\"><\/i>';\n\t},}); }\n\t\t\t}, 300);\n\t\t}\n\t});\n<\/script>\n[\/vc_column][\/vc_row]<\/p>\n","protected":false},"excerpt":{"rendered":"<p>[vc_row full_width=&#8221;stretch_row_content_no_spaces&#8221; wrap_container=&#8221;yes&#8221; css=&#8221;.vc_custom_1561589783024{margin-top: -30px !important;background-color: #0072b9 !important;}&#8221;][vc_column width=&#8221;1\/4&#8243; css=&#8221;.vc_custom_1561588561750{border-radius: 1px !important;}&#8221;][vc_empty_space][vc_empty_space][vc_custom_heading text=&#8221;\u00dcCRETS\u0130Z KE\u015e\u0130F&#8221; font_container=&#8221;tag:h2|font_size:24|text_align:center|color:%23ffffff&#8221; google_fonts=&#8221;font_family:Roboto%3A100%2C100italic%2C300%2C300italic%2Cregular%2Citalic%2C500%2C500italic%2C700%2C700italic%2C900%2C900italic|font_style:300%20light%20regular%3A300%3Anormal&#8221;][\/vc_column][vc_column width=&#8221;1\/4&#8243;][vc_empty_space][vc_empty_space][vc_custom_heading text=&#8221;PROJE HAZIRLAMA&#8221; font_container=&#8221;tag:h2|font_size:24|text_align:center|color:%23ffffff&#8221; google_fonts=&#8221;font_family:Roboto%3A100%2C100italic%2C300%2C300italic%2Cregular%2Citalic%2C500%2C500italic%2C700%2C700italic%2C900%2C900italic|font_style:300%20light%20regular%3A300%3Anormal&#8221;][\/vc_column][vc_column width=&#8221;1\/4&#8243;][vc_empty_space][vc_empty_space][vc_custom_heading text=&#8221;UYGULAMA&#8221; font_container=&#8221;tag:h2|font_size:24|text_align:center|color:%23ffffff&#8221; google_fonts=&#8221;font_family:Roboto%3A100%2C100italic%2C300%2C300italic%2Cregular%2Citalic%2C500%2C500italic%2C700%2C700italic%2C900%2C900italic|font_style:300%20light%20regular%3A300%3Anormal&#8221;][\/vc_column][vc_column width=&#8221;1\/4&#8243;][vc_empty_space][vc_empty_space][vc_custom_heading text=&#8221;ZAMANINDA TESL\u0130M&#8221; font_container=&#8221;tag:h2|font_size:24|text_align:center|color:%23ffffff&#8221; google_fonts=&#8221;font_family:Roboto%3A100%2C100italic%2C300%2C300italic%2Cregular%2Citalic%2C500%2C500italic%2C700%2C700italic%2C900%2C900italic|font_style:300%20light%20regular%3A300%3Anormal&#8221;][\/vc_column][\/vc_row][vc_row css=&#8221;.vc_custom_1561990879026{padding-top: 40px !important;padding-bottom: 35px !important;}&#8221; el_id=&#8221;speakers&#8221;][vc_column width=&#8221;1\/2&#8243;][vc_single_image image=&#8221;342&#8243; img_size=&#8221;full&#8221; animation_delay=&#8221;5&#8243; animation_type=&#8221;fadeInLeftBig&#8221;][\/vc_column][vc_column width=&#8221;1\/2&#8243;][vc_custom_heading text=&#8221;DEM\u0130RKAYA M\u00dcHEND\u0130SL\u0130K&#8221; font_container=&#8221;tag:h1|text_align:center&#8221; use_theme_fonts=&#8221;yes&#8221; el_class=&#8221;m-b-none&#8221;][vc_column_text css=&#8221;.vc_custom_1561983373905{margin-top: 15px !important;}&#8221;] &#8220;\u00d6ncelikleriniz, \u00f6nceliklerimizdir.&#8221; [\/vc_column_text][vc_separator color=&#8221;custom&#8221; show_icon=&#8221;yes&#8221; [&hellip;]<\/p>\n","protected":false},"author":2,"featured_media":0,"parent":0,"menu_order":0,"comment_status":"closed","ping_status":"closed","template":"","meta":[],"aioseo_notices":[],"_links":{"self":[{"href":"https:\/\/demirkayamuhendislik.com\/index.php?rest_route=\/wp\/v2\/pages\/15"}],"collection":[{"href":"https:\/\/demirkayamuhendislik.com\/index.php?rest_route=\/wp\/v2\/pages"}],"about":[{"href":"https:\/\/demirkayamuhendislik.com\/index.php?rest_route=\/wp\/v2\/types\/page"}],"author":[{"embeddable":true,"href":"https:\/\/demirkayamuhendislik.com\/index.php?rest_route=\/wp\/v2\/users\/2"}],"replies":[{"embeddable":true,"href":"https:\/\/demirkayamuhendislik.com\/index.php?rest_route=%2Fwp%2Fv2%2Fcomments&post=15"}],"version-history":[{"count":149,"href":"https:\/\/demirkayamuhendislik.com\/index.php?rest_route=\/wp\/v2\/pages\/15\/revisions"}],"predecessor-version":[{"id":839,"href":"https:\/\/demirkayamuhendislik.com\/index.php?rest_route=\/wp\/v2\/pages\/15\/revisions\/839"}],"wp:attachment":[{"href":"https:\/\/demirkayamuhendislik.com\/index.php?rest_route=%2Fwp%2Fv2%2Fmedia&parent=15"}],"curies":[{"name":"wp","href":"https:\/\/api.w.org\/{rel}","templated":true}]}}