{"id":648,"date":"2020-01-16T17:36:35","date_gmt":"2020-01-16T14:36:35","guid":{"rendered":"http:\/\/yeni.demirkayamuhendislik.com\/?page_id=648"},"modified":"2020-01-16T18:47:31","modified_gmt":"2020-01-16T15:47:31","slug":"hakkimizda","status":"publish","type":"page","link":"https:\/\/demirkayamuhendislik.com\/?page_id=648","title":{"rendered":"Hakk\u0131m\u0131zda"},"content":{"rendered":"<p>[vc_row wrap_container=&#8221;yes&#8221; css=&#8221;.vc_custom_1557526100077{padding-top: 96px !important;padding-bottom: 96px !important;}&#8221; el_class=&#8221;aboutus my-sm-5&#8243;][vc_column animation_duration=&#8221;100&#8243; offset=&#8221;vc_col-md-6&#8243; animation_type=&#8221;fadeIn&#8221;]<div class=\"porto-u-heading mb-4\" data-hspacer=\"no_spacer\" data-halign=\"left\" style=\"text-align:left\"><div class=\"porto-u-main-heading\"><h2 style=\"font-weight:600;color:#1e73be;margin-bottom: 4px;font-size:30px;line-height:42px;\">Hakk\u0131m\u0131zda<\/h2><\/div><\/div>[vc_custom_heading text=&#8221;Demirkaya M\u00fchendislik olarak temellerimizi 1996 y\u0131l\u0131nda, tesisat sekt\u00f6r\u00fcndeki hizmetlerimizle atarak yola \u00e7\u0131km\u0131\u015f bulunmaktay\u0131z. Her zaman bir i\u015fletme olarak kendimizi ve \u00e7al\u0131\u015fanlar\u0131m\u0131z\u0131 geli\u015ftirmeyi ama\u00e7 edinen firmam\u0131z, bug\u00fcn tesisattan \u0131s\u0131tmaya, do\u011falgazdan havaland\u0131rmaya, plan proje \u00e7iziminden taahh\u00fct i\u015flerine kadar pek \u00e7ok alanda hizmet vermektedir.<\/p>\n<p>Y\u0131llarca \u00fclkemizin \u00e7e\u015fitli \u015fehirlerinde do\u011falgaz projesi, tesisat\u0131 ve yap\u0131m i\u015flerini y\u00fcr\u00fcten deneyimli personelimiz ve makine m\u00fchendislerimizle, bug\u00fcn Trabzon\u2019da Do\u011falgaz\u2019\u0131n \u0130lk Yetkili Firmas\u0131 olma ni\u015fan\u0131n\u0131 da \u00fcstlenmi\u015f bulunmaktay\u0131z.<\/p>\n<p>Kaliteli hizmet anlay\u0131\u015f\u0131m\u0131zla, m\u00fc\u015fteri memnuniyetinin \u00f6n planda oldu\u011fu i\u015flerimiz, Demirkaya M\u00fchendislik olarak firmam\u0131z\u0131 daha da ileri bir noktaya ta\u015f\u0131m\u0131\u015ft\u0131r. Kaliteden \u00f6d\u00fcn vermeden \u00e7al\u0131\u015fan personelimize, sayg\u0131n ve kaliteli \u00fcr\u00fcnleri sa\u011flayan firmam\u0131z, siz de\u011ferli m\u00fc\u015fterilimize de d\u00fcnyaca \u00fcnl\u00fc markalar\u0131n bayilikleri ile hizmet g\u00f6t\u00fcrmektedir. Trabzon\u2019da ilk BOSCH yetkili bayii olarak, Is\u0131 Sistemleri ve Do\u011falgaz \u00fcr\u00fcnlerinde (kombi v.b.) halk\u0131m\u0131za kaliteyi sunma \u00e7abas\u0131nday\u0131z.<\/p>\n<p>Firmam\u0131z bug\u00fcn pek \u00e7ok projeyi e\u015f zamanl\u0131 olarak y\u00fcr\u00fctme ve i\u015flerini zaman\u0131nda teslim etme \u00f6zelli\u011fi ile sadece Trabzon\u2019a de\u011fil t\u00fcm b\u00f6lgeye hizmet vermektedir.<\/p>\n<p>M\u00fcteahhitler, devlet ya da \u00f6zel sekt\u00f6r kurumlar\u0131 ve siz de\u011ferli halk\u0131m\u0131za i\u015flerinizi riske atmaman\u0131z\u0131 \u00f6nerir, bilgi tecr\u00fcbe ve m\u00fc\u015fteri memnuniyetinin bir arada oldu\u011fu firmam\u0131za bekleriz\u2026&#8221; font_container=&#8221;tag:p|font_size:12.6|text_align:left&#8221; use_theme_fonts=&#8221;yes&#8221; font_weight=&#8221;600&#8243; animation_delay=&#8221;900&#8243; animation_type=&#8221;fadeInUp&#8221; el_class=&#8221;mb-5&#8243;]<div class=\"porto-testimonial wpb_content_element  custom-testimonial-style-1 mb-0\" data-appear-animation=\"fadeInUp\" data-appear-animation-delay=\"1200\"><div class=\"testimonial testimonial-no-borders testimonial-transparent-background\"><blockquote style=\"color:#777777\"><p>Her zaman daha iyi kalite.<\/p><\/blockquote><div class=\"testimonial-author clearfix\"><p><strong><\/strong><span><\/span><\/p><\/div><\/div><\/div>[\/vc_column][vc_column animation_duration=&#8221;100&#8243; offset=&#8221;vc_col-md-6&#8243; el_class=&#8221;d-flex align-items-center justify-content-center mb-5 mb-lg-0 pb-sm-5 pb-lg-0 mt-sm-5 mt-lg-0&#8243; animation_type=&#8221;fadeIn&#8221;][vc_single_image image=&#8221;665&#8243; img_size=&#8221;full&#8221;][\/vc_column][\/vc_row]<\/p>\n","protected":false},"excerpt":{"rendered":"<p>[vc_row wrap_container=&#8221;yes&#8221; css=&#8221;.vc_custom_1557526100077{padding-top: 96px !important;padding-bottom: 96px !important;}&#8221; el_class=&#8221;aboutus my-sm-5&#8243;][vc_column animation_duration=&#8221;100&#8243; offset=&#8221;vc_col-md-6&#8243; animation_type=&#8221;fadeIn&#8221;][vc_custom_heading text=&#8221;Demirkaya M\u00fchendislik olarak temellerimizi 1996 y\u0131l\u0131nda, tesisat sekt\u00f6r\u00fcndeki hizmetlerimizle atarak yola \u00e7\u0131km\u0131\u015f bulunmaktay\u0131z. Her zaman bir i\u015fletme olarak kendimizi ve \u00e7al\u0131\u015fanlar\u0131m\u0131z\u0131 geli\u015ftirmeyi ama\u00e7 edinen firmam\u0131z, bug\u00fcn tesisattan \u0131s\u0131tmaya, do\u011falgazdan havaland\u0131rmaya, plan proje \u00e7iziminden taahh\u00fct i\u015flerine kadar pek \u00e7ok alanda hizmet vermektedir. Y\u0131llarca \u00fclkemizin [&hellip;]<\/p>\n","protected":false},"author":2,"featured_media":0,"parent":0,"menu_order":0,"comment_status":"closed","ping_status":"closed","template":"","meta":[],"aioseo_notices":[],"_links":{"self":[{"href":"https:\/\/demirkayamuhendislik.com\/index.php?rest_route=\/wp\/v2\/pages\/648"}],"collection":[{"href":"https:\/\/demirkayamuhendislik.com\/index.php?rest_route=\/wp\/v2\/pages"}],"about":[{"href":"https:\/\/demirkayamuhendislik.com\/index.php?rest_route=\/wp\/v2\/types\/page"}],"author":[{"embeddable":true,"href":"https:\/\/demirkayamuhendislik.com\/index.php?rest_route=\/wp\/v2\/users\/2"}],"replies":[{"embeddable":true,"href":"https:\/\/demirkayamuhendislik.com\/index.php?rest_route=%2Fwp%2Fv2%2Fcomments&post=648"}],"version-history":[{"count":9,"href":"https:\/\/demirkayamuhendislik.com\/index.php?rest_route=\/wp\/v2\/pages\/648\/revisions"}],"predecessor-version":[{"id":667,"href":"https:\/\/demirkayamuhendislik.com\/index.php?rest_route=\/wp\/v2\/pages\/648\/revisions\/667"}],"wp:attachment":[{"href":"https:\/\/demirkayamuhendislik.com\/index.php?rest_route=%2Fwp%2Fv2%2Fmedia&parent=648"}],"curies":[{"name":"wp","href":"https:\/\/api.w.org\/{rel}","templated":true}]}}