{"id":398,"date":"2019-10-17T12:52:34","date_gmt":"2019-10-17T09:52:34","guid":{"rendered":"http:\/\/yeni.demirkayamuhendislik.com\/?post_type=product&#038;p=398"},"modified":"2019-10-18T11:22:29","modified_gmt":"2019-10-18T08:22:29","slug":"ecotec-plus-yogusmali-duvar-tipi-kazanlar","status":"publish","type":"product","link":"https:\/\/demirkayamuhendislik.com\/?product=ecotec-plus-yogusmali-duvar-tipi-kazanlar","title":{"rendered":"ecoTEC plus Yo\u011fu\u015fmal\u0131 Duvar Tipi Kazanlar"},"content":{"rendered":"","protected":false},"excerpt":{"rendered":"<div class=\"productdetail--headlines\">\n<h2 data-index-field=\"meta_product_subheadline\">Merkezi sistemlerde konfor<\/h2>\n<\/div>\n<div class=\"productdetail--stage\">\n<div class=\"connected-carousels carousel-small carousel--navigation-miniature\">\n<div class=\"stage\">\n<div class=\"carousel carousel-stage\" data-jcarousel=\"true\" data-jcarouselautoscroll=\"true\">\n<ul class=\"jcarousel-list\">\n<li data-index-fields=\"meta_product_usps\">Yeni dizayn integral paslanmaz \u00e7elik \u0131s\u0131 e\u015fanj\u00f6r\u00fc ile %108 verim<\/li>\n<li data-index-fields=\"meta_product_usps\">Otomatik g\u00fc\u00e7 ayar \u00f6zelli\u011fi ile y\u00fcksek katl\u0131 yap\u0131larda ideal \u00e7\u00f6z\u00fcm<\/li>\n<li data-index-fields=\"meta_product_usps\">Mod\u00fclasyonlu ve y\u00fcksek verimli primer pompas\u0131 ile d\u00fc\u015f\u00fck enerji sarfiyat\u0131<\/li>\n<li data-index-fields=\"meta_product_usps\">%20-%100 aras\u0131nda kademesiz geni\u015f mod\u00fclasyon aral\u0131\u011f\u0131<\/li>\n<\/ul>\n<\/div>\n<\/div>\n<\/div>\n<\/div>\n","protected":false},"featured_media":399,"comment_status":"closed","ping_status":"closed","template":"","meta":[],"product_cat":[21],"product_tag":[],"aioseo_notices":[],"_links":{"self":[{"href":"https:\/\/demirkayamuhendislik.com\/index.php?rest_route=\/wp\/v2\/product\/398"}],"collection":[{"href":"https:\/\/demirkayamuhendislik.com\/index.php?rest_route=\/wp\/v2\/product"}],"about":[{"href":"https:\/\/demirkayamuhendislik.com\/index.php?rest_route=\/wp\/v2\/types\/product"}],"replies":[{"embeddable":true,"href":"https:\/\/demirkayamuhendislik.com\/index.php?rest_route=%2Fwp%2Fv2%2Fcomments&post=398"}],"wp:featuredmedia":[{"embeddable":true,"href":"https:\/\/demirkayamuhendislik.com\/index.php?rest_route=\/wp\/v2\/media\/399"}],"wp:attachment":[{"href":"https:\/\/demirkayamuhendislik.com\/index.php?rest_route=%2Fwp%2Fv2%2Fmedia&parent=398"}],"wp:term":[{"taxonomy":"product_cat","embeddable":true,"href":"https:\/\/demirkayamuhendislik.com\/index.php?rest_route=%2Fwp%2Fv2%2Fproduct_cat&post=398"},{"taxonomy":"product_tag","embeddable":true,"href":"https:\/\/demirkayamuhendislik.com\/index.php?rest_route=%2Fwp%2Fv2%2Fproduct_tag&post=398"}],"curies":[{"name":"wp","href":"https:\/\/api.w.org\/{rel}","templated":true}]}}