{"id":406,"date":"2019-10-17T13:10:48","date_gmt":"2019-10-17T10:10:48","guid":{"rendered":"http:\/\/yeni.demirkayamuhendislik.com\/?post_type=product&#038;p=406"},"modified":"2019-10-18T11:33:13","modified_gmt":"2019-10-18T08:33:13","slug":"unistor","status":"publish","type":"product","link":"https:\/\/demirkayamuhendislik.com\/?product=unistor","title":{"rendered":"uniSTOR"},"content":{"rendered":"","protected":false},"excerpt":{"rendered":"<div class=\"productdetail--headlines\">\n<h2 data-index-field=\"meta_product_subheadline\">Y\u00fcksek s\u0131cak su konforu<\/h2>\n<\/div>\n<div class=\"productdetail--stage\">\n<div class=\"connected-carousels carousel-small carousel--navigation-miniature\">\n<div class=\"stage\">\n<div class=\"carousel carousel-stage\" data-jcarousel=\"true\" data-jcarouselautoscroll=\"true\">\n<ul class=\"jcarousel-list\">\n<li data-index-fields=\"meta_product_usps\">Silindirik yap\u0131da g\u00f6vde<\/li>\n<li data-index-fields=\"meta_product_usps\">Emaye kapl\u0131 i\u00e7 y\u00fczey ile hijyenik kullan\u0131m<\/li>\n<li data-index-fields=\"meta_product_usps\">\u00dczerindeki kapaktan temizlik imkan\u0131<\/li>\n<li data-index-fields=\"meta_product_usps\">Magnezyum anot \u00e7ubuk korumas\u0131<\/li>\n<\/ul>\n<\/div>\n<\/div>\n<\/div>\n<\/div>\n","protected":false},"featured_media":407,"comment_status":"closed","ping_status":"closed","template":"","meta":[],"product_cat":[22],"product_tag":[],"aioseo_notices":[],"_links":{"self":[{"href":"https:\/\/demirkayamuhendislik.com\/index.php?rest_route=\/wp\/v2\/product\/406"}],"collection":[{"href":"https:\/\/demirkayamuhendislik.com\/index.php?rest_route=\/wp\/v2\/product"}],"about":[{"href":"https:\/\/demirkayamuhendislik.com\/index.php?rest_route=\/wp\/v2\/types\/product"}],"replies":[{"embeddable":true,"href":"https:\/\/demirkayamuhendislik.com\/index.php?rest_route=%2Fwp%2Fv2%2Fcomments&post=406"}],"wp:featuredmedia":[{"embeddable":true,"href":"https:\/\/demirkayamuhendislik.com\/index.php?rest_route=\/wp\/v2\/media\/407"}],"wp:attachment":[{"href":"https:\/\/demirkayamuhendislik.com\/index.php?rest_route=%2Fwp%2Fv2%2Fmedia&parent=406"}],"wp:term":[{"taxonomy":"product_cat","embeddable":true,"href":"https:\/\/demirkayamuhendislik.com\/index.php?rest_route=%2Fwp%2Fv2%2Fproduct_cat&post=406"},{"taxonomy":"product_tag","embeddable":true,"href":"https:\/\/demirkayamuhendislik.com\/index.php?rest_route=%2Fwp%2Fv2%2Fproduct_tag&post=406"}],"curies":[{"name":"wp","href":"https:\/\/api.w.org\/{rel}","templated":true}]}}