{"id":413,"date":"2019-10-17T13:31:58","date_gmt":"2019-10-17T10:31:58","guid":{"rendered":"http:\/\/yeni.demirkayamuhendislik.com\/?post_type=product&#038;p=413"},"modified":"2019-10-18T11:46:24","modified_gmt":"2019-10-18T08:46:24","slug":"allstor-2","status":"publish","type":"product","link":"https:\/\/demirkayamuhendislik.com\/?product=allstor-2","title":{"rendered":"allSTOR"},"content":{"rendered":"","protected":false},"excerpt":{"rendered":"<div class=\"productdetail--headlines\">\n<h2 data-index-field=\"meta_product_subheadline\">140 y\u0131ll\u0131k Vaillant tecr\u00fcbesi ile \u00fcretilen 500 \/ 800 \/ 1000 \/ 1500 \/ 2000 litre hacimli \u00fcr\u00fcnlerimiz 2 y\u0131l garantilidir.<\/h2>\n<\/div>\n<div class=\"productdetail--stage\">\n<div class=\"connected-carousels carousel-small carousel--navigation-miniature\">\n<div class=\"stage\">\n<div class=\"carousel carousel-stage\" data-jcarousel=\"true\" data-jcarouselautoscroll=\"true\">\n<ul class=\"jcarousel-list\">\n<li data-index-fields=\"meta_product_usps\">Vaillant \u00f6zel multi fonksiyonlu tank teknolojisi<\/li>\n<li data-index-fields=\"meta_product_usps\">Is\u0131 pompas\u0131, g\u00fcne\u015f enerjisi ve kaskad sistem ile kullan\u0131m<\/li>\n<li data-index-fields=\"meta_product_usps\">Tek sisteme 100 adet kollekt\u00f6r ba\u011flant\u0131s\u0131<\/li>\n<li data-index-fields=\"meta_product_usps\">Tank \u00fczerine s\u0131cak su mod\u00fcl\u00fc montaj\u0131 (VPS 500 \/ 3-7, VPS 800 \/ 3-7, VPS 1000 \/ 3-7 cihazlar\u0131nda mod\u00fcl imkan\u0131 vard\u0131r.)<\/li>\n<li data-index-fields=\"meta_product_usps\">Tank \u00fczerine solar mod\u00fcl\u00fc montaj\u0131<\/li>\n<\/ul>\n<\/div>\n<\/div>\n<\/div>\n<\/div>\n","protected":false},"featured_media":414,"comment_status":"closed","ping_status":"closed","template":"","meta":[],"product_cat":[23],"product_tag":[],"aioseo_notices":[],"_links":{"self":[{"href":"https:\/\/demirkayamuhendislik.com\/index.php?rest_route=\/wp\/v2\/product\/413"}],"collection":[{"href":"https:\/\/demirkayamuhendislik.com\/index.php?rest_route=\/wp\/v2\/product"}],"about":[{"href":"https:\/\/demirkayamuhendislik.com\/index.php?rest_route=\/wp\/v2\/types\/product"}],"replies":[{"embeddable":true,"href":"https:\/\/demirkayamuhendislik.com\/index.php?rest_route=%2Fwp%2Fv2%2Fcomments&post=413"}],"wp:featuredmedia":[{"embeddable":true,"href":"https:\/\/demirkayamuhendislik.com\/index.php?rest_route=\/wp\/v2\/media\/414"}],"wp:attachment":[{"href":"https:\/\/demirkayamuhendislik.com\/index.php?rest_route=%2Fwp%2Fv2%2Fmedia&parent=413"}],"wp:term":[{"taxonomy":"product_cat","embeddable":true,"href":"https:\/\/demirkayamuhendislik.com\/index.php?rest_route=%2Fwp%2Fv2%2Fproduct_cat&post=413"},{"taxonomy":"product_tag","embeddable":true,"href":"https:\/\/demirkayamuhendislik.com\/index.php?rest_route=%2Fwp%2Fv2%2Fproduct_tag&post=413"}],"curies":[{"name":"wp","href":"https:\/\/api.w.org\/{rel}","templated":true}]}}