{"id":415,"date":"2019-10-17T13:34:40","date_gmt":"2019-10-17T10:34:40","guid":{"rendered":"http:\/\/yeni.demirkayamuhendislik.com\/?post_type=product&#038;p=415"},"modified":"2019-10-18T17:23:28","modified_gmt":"2019-10-18T14:23:28","slug":"gunes-enerjisi-sistemleri-aksesuarlari","status":"publish","type":"product","link":"https:\/\/demirkayamuhendislik.com\/?product=gunes-enerjisi-sistemleri-aksesuarlari","title":{"rendered":"G\u00fcne\u015f Enerjisi Sistemleri Aksesuarlar\u0131"},"content":{"rendered":"","protected":false},"excerpt":{"rendered":"<div class=\"productdetail--headlines\">\n<h2 data-index-field=\"meta_product_subheadline\">Yenilenebilir Enerji<\/h2>\n<\/div>\n<div class=\"productdetail--stage\">\n<div class=\"connected-carousels carousel-small carousel--navigation-miniature\">\n<div class=\"stage\">\n<div class=\"carousel carousel-stage\" data-jcarousel=\"true\" data-jcarouselautoscroll=\"true\">\n<ul class=\"jcarousel-list\">\n<li data-index-fields=\"meta_product_usps\">Genle\u015fme tank\u0131<\/li>\n<li data-index-fields=\"meta_product_usps\">So\u011futma tank\u0131<\/li>\n<li data-index-fields=\"meta_product_usps\">Genle\u015fme tank\u0131 + So\u011futma tank\u0131<\/li>\n<li data-index-fields=\"meta_product_usps\">Termostatik 3 yollu vana<\/li>\n<li data-index-fields=\"meta_product_usps\">Otomatik hava atma valfi<\/li>\n<\/ul>\n<\/div>\n<\/div>\n<\/div>\n<\/div>\n","protected":false},"featured_media":416,"comment_status":"closed","ping_status":"closed","template":"","meta":[],"product_cat":[23],"product_tag":[],"aioseo_notices":[],"_links":{"self":[{"href":"https:\/\/demirkayamuhendislik.com\/index.php?rest_route=\/wp\/v2\/product\/415"}],"collection":[{"href":"https:\/\/demirkayamuhendislik.com\/index.php?rest_route=\/wp\/v2\/product"}],"about":[{"href":"https:\/\/demirkayamuhendislik.com\/index.php?rest_route=\/wp\/v2\/types\/product"}],"replies":[{"embeddable":true,"href":"https:\/\/demirkayamuhendislik.com\/index.php?rest_route=%2Fwp%2Fv2%2Fcomments&post=415"}],"wp:featuredmedia":[{"embeddable":true,"href":"https:\/\/demirkayamuhendislik.com\/index.php?rest_route=\/wp\/v2\/media\/416"}],"wp:attachment":[{"href":"https:\/\/demirkayamuhendislik.com\/index.php?rest_route=%2Fwp%2Fv2%2Fmedia&parent=415"}],"wp:term":[{"taxonomy":"product_cat","embeddable":true,"href":"https:\/\/demirkayamuhendislik.com\/index.php?rest_route=%2Fwp%2Fv2%2Fproduct_cat&post=415"},{"taxonomy":"product_tag","embeddable":true,"href":"https:\/\/demirkayamuhendislik.com\/index.php?rest_route=%2Fwp%2Fv2%2Fproduct_tag&post=415"}],"curies":[{"name":"wp","href":"https:\/\/api.w.org\/{rel}","templated":true}]}}