{"id":423,"date":"2019-10-17T13:47:14","date_gmt":"2019-10-17T10:47:14","guid":{"rendered":"http:\/\/yeni.demirkayamuhendislik.com\/?post_type=product&#038;p=423"},"modified":"2019-10-17T13:47:15","modified_gmt":"2019-10-17T10:47:15","slug":"aurotherm-vfk-145-h","status":"publish","type":"product","link":"https:\/\/demirkayamuhendislik.com\/?product=aurotherm-vfk-145-h","title":{"rendered":"auroTHERM VFK 145 H"},"content":{"rendered":"","protected":false},"excerpt":{"rendered":"<div class=\"productdetail--headlines\">\n<h2 data-index-field=\"meta_product_subheadline\">Yatay tip g\u00fcne\u015f kollekt\u00f6r\u00fc<\/h2>\n<\/div>\n<div class=\"productdetail--stage\">\n<div class=\"connected-carousels carousel-small carousel--navigation-miniature\">\n<div class=\"stage\">\n<div class=\"carousel carousel-stage\">\n<ul data-index-field=\"text\">\n<li data-index-fields=\"meta_product_usps\">\u00d6zel \u015fekillendirilmi\u015f temperli cam<\/li>\n<li data-index-fields=\"meta_product_usps\">D\u00fcz kolekt\u00f6r<\/li>\n<li data-index-fields=\"meta_product_usps\">Lazer kaynakl\u0131 al\u00fcminyum bak\u0131r<\/li>\n<li data-index-fields=\"meta_product_usps\">35 kg. a\u011f\u0131rl\u0131k<\/li>\n<li data-index-fields=\"meta_product_usps\">Kalorifer, y\u00fczme havuzu destek \u0131s\u0131tmas\u0131 ve s\u0131cak su haz\u0131rlama sistemleri i\u00e7in uygundur<\/li>\n<\/ul>\n<\/div>\n<\/div>\n<\/div>\n<\/div>\n","protected":false},"featured_media":424,"comment_status":"closed","ping_status":"closed","template":"","meta":[],"product_cat":[23],"product_tag":[],"aioseo_notices":[],"_links":{"self":[{"href":"https:\/\/demirkayamuhendislik.com\/index.php?rest_route=\/wp\/v2\/product\/423"}],"collection":[{"href":"https:\/\/demirkayamuhendislik.com\/index.php?rest_route=\/wp\/v2\/product"}],"about":[{"href":"https:\/\/demirkayamuhendislik.com\/index.php?rest_route=\/wp\/v2\/types\/product"}],"replies":[{"embeddable":true,"href":"https:\/\/demirkayamuhendislik.com\/index.php?rest_route=%2Fwp%2Fv2%2Fcomments&post=423"}],"wp:featuredmedia":[{"embeddable":true,"href":"https:\/\/demirkayamuhendislik.com\/index.php?rest_route=\/wp\/v2\/media\/424"}],"wp:attachment":[{"href":"https:\/\/demirkayamuhendislik.com\/index.php?rest_route=%2Fwp%2Fv2%2Fmedia&parent=423"}],"wp:term":[{"taxonomy":"product_cat","embeddable":true,"href":"https:\/\/demirkayamuhendislik.com\/index.php?rest_route=%2Fwp%2Fv2%2Fproduct_cat&post=423"},{"taxonomy":"product_tag","embeddable":true,"href":"https:\/\/demirkayamuhendislik.com\/index.php?rest_route=%2Fwp%2Fv2%2Fproduct_tag&post=423"}],"curies":[{"name":"wp","href":"https:\/\/api.w.org\/{rel}","templated":true}]}}