{"id":428,"date":"2019-10-17T13:53:54","date_gmt":"2019-10-17T10:53:54","guid":{"rendered":"http:\/\/yeni.demirkayamuhendislik.com\/?post_type=product&#038;p=428"},"modified":"2019-10-18T17:12:27","modified_gmt":"2019-10-18T14:12:27","slug":"aurotherm-vfk-125-3","status":"publish","type":"product","link":"https:\/\/demirkayamuhendislik.com\/?product=aurotherm-vfk-125-3","title":{"rendered":"auroTHERM VFK 125\/3"},"content":{"rendered":"","protected":false},"excerpt":{"rendered":"<div class=\"productdetail--headlines\">\n<h2 data-index-field=\"meta_product_subheadline\">Yenilenebilir Enerji<\/h2>\n<\/div>\n<div class=\"productdetail--stage\">\n<div class=\"connected-carousels carousel-small carousel--navigation-miniature\">\n<div class=\"stage\">\n<div class=\"carousel carousel-stage\" data-jcarousel=\"true\" data-jcarouselautoscroll=\"true\">\n<ul class=\"jcarousel-list\">\n<li data-index-fields=\"meta_product_usps\">Y\u00fcksek verim ve performans<\/li>\n<li data-index-fields=\"meta_product_usps\">Al\u00fcminyum \u00e7er\u00e7eve<\/li>\n<li data-index-fields=\"meta_product_usps\">2,51 m\u00b2 br\u00fct \/ 2,35 m\u00b2 net alan<\/li>\n<li data-index-fields=\"meta_product_usps\">Hafif g\u00f6vde (38 kg)<\/li>\n<li data-index-fields=\"meta_product_usps\">Kolay montaj<\/li>\n<\/ul>\n<\/div>\n<\/div>\n<\/div>\n<\/div>\n","protected":false},"featured_media":429,"comment_status":"closed","ping_status":"closed","template":"","meta":[],"product_cat":[23],"product_tag":[],"aioseo_notices":[],"_links":{"self":[{"href":"https:\/\/demirkayamuhendislik.com\/index.php?rest_route=\/wp\/v2\/product\/428"}],"collection":[{"href":"https:\/\/demirkayamuhendislik.com\/index.php?rest_route=\/wp\/v2\/product"}],"about":[{"href":"https:\/\/demirkayamuhendislik.com\/index.php?rest_route=\/wp\/v2\/types\/product"}],"replies":[{"embeddable":true,"href":"https:\/\/demirkayamuhendislik.com\/index.php?rest_route=%2Fwp%2Fv2%2Fcomments&post=428"}],"wp:featuredmedia":[{"embeddable":true,"href":"https:\/\/demirkayamuhendislik.com\/index.php?rest_route=\/wp\/v2\/media\/429"}],"wp:attachment":[{"href":"https:\/\/demirkayamuhendislik.com\/index.php?rest_route=%2Fwp%2Fv2%2Fmedia&parent=428"}],"wp:term":[{"taxonomy":"product_cat","embeddable":true,"href":"https:\/\/demirkayamuhendislik.com\/index.php?rest_route=%2Fwp%2Fv2%2Fproduct_cat&post=428"},{"taxonomy":"product_tag","embeddable":true,"href":"https:\/\/demirkayamuhendislik.com\/index.php?rest_route=%2Fwp%2Fv2%2Fproduct_tag&post=428"}],"curies":[{"name":"wp","href":"https:\/\/api.w.org\/{rel}","templated":true}]}}