{"id":430,"date":"2019-10-17T13:56:23","date_gmt":"2019-10-17T10:56:23","guid":{"rendered":"http:\/\/yeni.demirkayamuhendislik.com\/?post_type=product&#038;p=430"},"modified":"2019-10-17T13:56:23","modified_gmt":"2019-10-17T10:56:23","slug":"aurotherm-vfk-135-d","status":"publish","type":"product","link":"https:\/\/demirkayamuhendislik.com\/?product=aurotherm-vfk-135-d","title":{"rendered":"auroTHERM VFK 135 D"},"content":{"rendered":"","protected":false},"excerpt":{"rendered":"<div class=\"productdetail--headlines\">\n<h2 data-index-field=\"meta_product_subheadline\">Yatay tip drainback g\u00fcne\u015f kollekt\u00f6r\u00fc<\/h2>\n<\/div>\n<div class=\"productdetail--stage\">\n<div class=\"connected-carousels carousel-small carousel--navigation-miniature\">\n<div class=\"stage\">\n<div class=\"carousel carousel-stage\">\n<div class=\"box--text box--product productdetail--details\">\n<ul data-index-field=\"text\">\n<li data-index-fields=\"meta_product_usps\">Y\u00fcksek verim ve performans<\/li>\n<li data-index-fields=\"meta_product_usps\">Aluminyum \u00e7er\u00e7eve<\/li>\n<li data-index-fields=\"meta_product_usps\">2,51 m\u00b2 br\u00fct \/ 2,35 m\u00b2 net alan<\/li>\n<li data-index-fields=\"meta_product_usps\">\u00dcst\u00fcn drainback teknolojisi<\/li>\n<li data-index-fields=\"meta_product_usps\">Kolay montaj<\/li>\n<\/ul>\n<\/div>\n<\/div>\n<\/div>\n<\/div>\n<\/div>\n","protected":false},"featured_media":431,"comment_status":"closed","ping_status":"closed","template":"","meta":[],"product_cat":[23],"product_tag":[],"aioseo_notices":[],"_links":{"self":[{"href":"https:\/\/demirkayamuhendislik.com\/index.php?rest_route=\/wp\/v2\/product\/430"}],"collection":[{"href":"https:\/\/demirkayamuhendislik.com\/index.php?rest_route=\/wp\/v2\/product"}],"about":[{"href":"https:\/\/demirkayamuhendislik.com\/index.php?rest_route=\/wp\/v2\/types\/product"}],"replies":[{"embeddable":true,"href":"https:\/\/demirkayamuhendislik.com\/index.php?rest_route=%2Fwp%2Fv2%2Fcomments&post=430"}],"wp:featuredmedia":[{"embeddable":true,"href":"https:\/\/demirkayamuhendislik.com\/index.php?rest_route=\/wp\/v2\/media\/431"}],"wp:attachment":[{"href":"https:\/\/demirkayamuhendislik.com\/index.php?rest_route=%2Fwp%2Fv2%2Fmedia&parent=430"}],"wp:term":[{"taxonomy":"product_cat","embeddable":true,"href":"https:\/\/demirkayamuhendislik.com\/index.php?rest_route=%2Fwp%2Fv2%2Fproduct_cat&post=430"},{"taxonomy":"product_tag","embeddable":true,"href":"https:\/\/demirkayamuhendislik.com\/index.php?rest_route=%2Fwp%2Fv2%2Fproduct_tag&post=430"}],"curies":[{"name":"wp","href":"https:\/\/api.w.org\/{rel}","templated":true}]}}