{"id":458,"date":"2019-10-18T10:17:29","date_gmt":"2019-10-18T07:17:29","guid":{"rendered":"http:\/\/yeni.demirkayamuhendislik.com\/?post_type=product&#038;p=458"},"modified":"2019-10-18T10:17:29","modified_gmt":"2019-10-18T07:17:29","slug":"calormatic-450-calormatic-450-f-kablosuz","status":"publish","type":"product","link":"https:\/\/demirkayamuhendislik.com\/?product=calormatic-450-calormatic-450-f-kablosuz","title":{"rendered":"calorMATIC 450 \/ calorMATIC 450 F (kablosuz)"},"content":{"rendered":"","protected":false},"excerpt":{"rendered":"<h2 data-index-field=\"meta_product_subheadline\">D\u0131\u015f Hava Duyargal\u0131 Mod\u00fclasyonlu Oda termostat\u0131<\/h2>\n<ul data-index-field=\"text\">\n<li data-index-fields=\"meta_product_usps\">B\u00fcy\u00fck ve \u015f\u0131k LCD Ekran<\/li>\n<li data-index-fields=\"meta_product_usps\">Mod\u00fclasyonlu \u00e7al\u0131\u015fabilme \u00f6zelli\u011fi<\/li>\n<li data-index-fields=\"meta_product_usps\">Boyleri G\u00fcnl\u00fck \/ Haftal\u0131k programlama<\/li>\n<li data-index-fields=\"meta_product_usps\">Is\u0131tmada G\u00fcnl\u00fck\/ Haftal\u0131k programlama<\/li>\n<\/ul>\n","protected":false},"featured_media":463,"comment_status":"closed","ping_status":"closed","template":"","meta":[],"product_cat":[24],"product_tag":[],"aioseo_notices":[],"_links":{"self":[{"href":"https:\/\/demirkayamuhendislik.com\/index.php?rest_route=\/wp\/v2\/product\/458"}],"collection":[{"href":"https:\/\/demirkayamuhendislik.com\/index.php?rest_route=\/wp\/v2\/product"}],"about":[{"href":"https:\/\/demirkayamuhendislik.com\/index.php?rest_route=\/wp\/v2\/types\/product"}],"replies":[{"embeddable":true,"href":"https:\/\/demirkayamuhendislik.com\/index.php?rest_route=%2Fwp%2Fv2%2Fcomments&post=458"}],"wp:featuredmedia":[{"embeddable":true,"href":"https:\/\/demirkayamuhendislik.com\/index.php?rest_route=\/wp\/v2\/media\/463"}],"wp:attachment":[{"href":"https:\/\/demirkayamuhendislik.com\/index.php?rest_route=%2Fwp%2Fv2%2Fmedia&parent=458"}],"wp:term":[{"taxonomy":"product_cat","embeddable":true,"href":"https:\/\/demirkayamuhendislik.com\/index.php?rest_route=%2Fwp%2Fv2%2Fproduct_cat&post=458"},{"taxonomy":"product_tag","embeddable":true,"href":"https:\/\/demirkayamuhendislik.com\/index.php?rest_route=%2Fwp%2Fv2%2Fproduct_tag&post=458"}],"curies":[{"name":"wp","href":"https:\/\/api.w.org\/{rel}","templated":true}]}}