{"id":481,"date":"2019-10-18T10:56:13","date_gmt":"2019-10-18T07:56:13","guid":{"rendered":"http:\/\/yeni.demirkayamuhendislik.com\/?post_type=product&#038;p=481"},"modified":"2019-10-18T10:56:13","modified_gmt":"2019-10-18T07:56:13","slug":"vsmart-pro","status":"publish","type":"product","link":"https:\/\/demirkayamuhendislik.com\/?product=vsmart-pro","title":{"rendered":"vSMART pro"},"content":{"rendered":"","protected":false},"excerpt":{"rendered":"<div class=\"productdetail--headlines\">\n<h2 data-index-field=\"meta_product_subheadline\">Ak\u0131ll\u0131 Cihazlarla Uzaktan Eri\u015filebilen Oda Termostat\u0131<\/h2>\n<\/div>\n<div class=\"productdetail--stage\">\n<div class=\"connected-carousels carousel-small carousel--navigation-miniature\">\n<div class=\"stage\">\n<div class=\"carousel carousel-stage\">\n<ul class=\"jcarousel-list\">\n<li data-index-fields=\"meta_product_usps\">Mod\u00fclasyonlu \u00e7al\u0131\u015fma ile tasarruf<\/li>\n<li data-index-fields=\"meta_product_usps\">Is\u0131tma ve kullan\u0131m suyu kontrol\u00fc<\/li>\n<li data-index-fields=\"meta_product_usps\">Wi-fi eri\u015fim \u00fcnitesi ile kolayl\u0131kla internete ba\u011flanma<\/li>\n<li data-index-fields=\"meta_product_usps\">G\u00fcn i\u00e7erisinde s\u0131n\u0131rs\u0131z zaman programlama<\/li>\n<li data-index-fields=\"meta_product_usps\">Duvar \u00fczerine ya da masast\u00fcne kurulum<\/li>\n<li class=\"jcarousel-item\"><\/li>\n<\/ul>\n<\/div>\n<\/div>\n<\/div>\n<\/div>\n","protected":false},"featured_media":482,"comment_status":"closed","ping_status":"closed","template":"","meta":[],"product_cat":[24],"product_tag":[],"aioseo_notices":[],"_links":{"self":[{"href":"https:\/\/demirkayamuhendislik.com\/index.php?rest_route=\/wp\/v2\/product\/481"}],"collection":[{"href":"https:\/\/demirkayamuhendislik.com\/index.php?rest_route=\/wp\/v2\/product"}],"about":[{"href":"https:\/\/demirkayamuhendislik.com\/index.php?rest_route=\/wp\/v2\/types\/product"}],"replies":[{"embeddable":true,"href":"https:\/\/demirkayamuhendislik.com\/index.php?rest_route=%2Fwp%2Fv2%2Fcomments&post=481"}],"wp:featuredmedia":[{"embeddable":true,"href":"https:\/\/demirkayamuhendislik.com\/index.php?rest_route=\/wp\/v2\/media\/482"}],"wp:attachment":[{"href":"https:\/\/demirkayamuhendislik.com\/index.php?rest_route=%2Fwp%2Fv2%2Fmedia&parent=481"}],"wp:term":[{"taxonomy":"product_cat","embeddable":true,"href":"https:\/\/demirkayamuhendislik.com\/index.php?rest_route=%2Fwp%2Fv2%2Fproduct_cat&post=481"},{"taxonomy":"product_tag","embeddable":true,"href":"https:\/\/demirkayamuhendislik.com\/index.php?rest_route=%2Fwp%2Fv2%2Fproduct_tag&post=481"}],"curies":[{"name":"wp","href":"https:\/\/api.w.org\/{rel}","templated":true}]}}