{"id":568,"date":"2019-10-18T17:42:06","date_gmt":"2019-10-18T14:42:06","guid":{"rendered":"http:\/\/yeni.demirkayamuhendislik.com\/?post_type=product&#038;p=568"},"modified":"2019-10-18T17:42:06","modified_gmt":"2019-10-18T14:42:06","slug":"vaillant-panel-radyator","status":"publish","type":"product","link":"https:\/\/demirkayamuhendislik.com\/?product=vaillant-panel-radyator","title":{"rendered":"Vaillant Panel Radyat\u00f6r"},"content":{"rendered":"","protected":false},"excerpt":{"rendered":"<div class=\"productdetail--headlines\">\n<h2 data-index-field=\"meta_product_subheadline\">Zengin uzunluk se\u00e7ene\u011fine sahip modellerimiz 10 y\u0131l garantilidir.<\/h2>\n<\/div>\n<div class=\"productdetail--stage\">\n<div class=\"connected-carousels carousel-small carousel--navigation-miniature\">\n<div class=\"stage\">\n<div class=\"carousel carousel-stage\">\n<ul class=\"jcarousel-list\">\n<li data-index-fields=\"meta_product_usps\">Korozyona kar\u015f\u0131 \u00e7ok dayan\u0131kl\u0131<\/li>\n<li data-index-fields=\"meta_product_usps\">Uzun \u00d6m\u00fcrl\u00fc<\/li>\n<li data-index-fields=\"meta_product_usps\">Y\u00fcksek \u0131s\u0131l g\u00fc\u00e7<\/li>\n<li data-index-fields=\"meta_product_usps\">10 bar bas\u0131n\u00e7la y\u00fcksek \u00e7al\u0131\u015fma emniyeti<\/li>\n<\/ul>\n<\/div>\n<\/div>\n<\/div>\n<\/div>\n","protected":false},"featured_media":569,"comment_status":"closed","ping_status":"closed","template":"","meta":[],"product_cat":[25],"product_tag":[],"aioseo_notices":[],"_links":{"self":[{"href":"https:\/\/demirkayamuhendislik.com\/index.php?rest_route=\/wp\/v2\/product\/568"}],"collection":[{"href":"https:\/\/demirkayamuhendislik.com\/index.php?rest_route=\/wp\/v2\/product"}],"about":[{"href":"https:\/\/demirkayamuhendislik.com\/index.php?rest_route=\/wp\/v2\/types\/product"}],"replies":[{"embeddable":true,"href":"https:\/\/demirkayamuhendislik.com\/index.php?rest_route=%2Fwp%2Fv2%2Fcomments&post=568"}],"wp:featuredmedia":[{"embeddable":true,"href":"https:\/\/demirkayamuhendislik.com\/index.php?rest_route=\/wp\/v2\/media\/569"}],"wp:attachment":[{"href":"https:\/\/demirkayamuhendislik.com\/index.php?rest_route=%2Fwp%2Fv2%2Fmedia&parent=568"}],"wp:term":[{"taxonomy":"product_cat","embeddable":true,"href":"https:\/\/demirkayamuhendislik.com\/index.php?rest_route=%2Fwp%2Fv2%2Fproduct_cat&post=568"},{"taxonomy":"product_tag","embeddable":true,"href":"https:\/\/demirkayamuhendislik.com\/index.php?rest_route=%2Fwp%2Fv2%2Fproduct_tag&post=568"}],"curies":[{"name":"wp","href":"https:\/\/api.w.org\/{rel}","templated":true}]}}