{"id":580,"date":"2019-10-18T17:50:16","date_gmt":"2019-10-18T14:50:16","guid":{"rendered":"http:\/\/yeni.demirkayamuhendislik.com\/?post_type=product&#038;p=580"},"modified":"2019-10-18T17:50:16","modified_gmt":"2019-10-18T14:50:16","slug":"elektrikli-isitma-cihazi","status":"publish","type":"product","link":"https:\/\/demirkayamuhendislik.com\/?product=elektrikli-isitma-cihazi","title":{"rendered":"Elektrikli Is\u0131tma Cihaz\u0131"},"content":{"rendered":"","protected":false},"excerpt":{"rendered":"<div class=\"productdetail--headlines\">\n<h2 data-index-field=\"meta_product_subheadline\">Ergonomik LCD ekranl\u0131 panel<\/h2>\n<\/div>\n<div class=\"productdetail--stage\">\n<div class=\"connected-carousels carousel-small carousel--navigation-miniature\">\n<div class=\"stage\">\n<div class=\"carousel carousel-stage\" data-jcarousel=\"true\" data-jcarouselautoscroll=\"true\">\n<ul class=\"jcarousel-list\">\n<li data-index-fields=\"meta_product_usps\">Y\u00fcksek verimli pompa (HEP) sayesinde tasarruf imkan\u0131<\/li>\n<li data-index-fields=\"meta_product_usps\">Geni\u015f LCD Ekran<\/li>\n<li data-index-fields=\"meta_product_usps\">e-RELAX oda termostat\u0131 ile uyumlu \u00e7al\u0131\u015fabilir<\/li>\n<li data-index-fields=\"meta_product_usps\">Boyler ba\u011flant\u0131s\u0131 ile s\u0131cak su konforu<\/li>\n<li data-index-fields=\"meta_product_usps\">Harici boyler ile s\u0131cak su haz\u0131rlama \u00f6zelli\u011fine sahiptir.<\/li>\n<\/ul>\n<\/div>\n<\/div>\n<\/div>\n<\/div>\n","protected":false},"featured_media":584,"comment_status":"closed","ping_status":"closed","template":"","meta":[],"product_cat":[27],"product_tag":[],"aioseo_notices":[],"_links":{"self":[{"href":"https:\/\/demirkayamuhendislik.com\/index.php?rest_route=\/wp\/v2\/product\/580"}],"collection":[{"href":"https:\/\/demirkayamuhendislik.com\/index.php?rest_route=\/wp\/v2\/product"}],"about":[{"href":"https:\/\/demirkayamuhendislik.com\/index.php?rest_route=\/wp\/v2\/types\/product"}],"replies":[{"embeddable":true,"href":"https:\/\/demirkayamuhendislik.com\/index.php?rest_route=%2Fwp%2Fv2%2Fcomments&post=580"}],"wp:featuredmedia":[{"embeddable":true,"href":"https:\/\/demirkayamuhendislik.com\/index.php?rest_route=\/wp\/v2\/media\/584"}],"wp:attachment":[{"href":"https:\/\/demirkayamuhendislik.com\/index.php?rest_route=%2Fwp%2Fv2%2Fmedia&parent=580"}],"wp:term":[{"taxonomy":"product_cat","embeddable":true,"href":"https:\/\/demirkayamuhendislik.com\/index.php?rest_route=%2Fwp%2Fv2%2Fproduct_cat&post=580"},{"taxonomy":"product_tag","embeddable":true,"href":"https:\/\/demirkayamuhendislik.com\/index.php?rest_route=%2Fwp%2Fv2%2Fproduct_tag&post=580"}],"curies":[{"name":"wp","href":"https:\/\/api.w.org\/{rel}","templated":true}]}}