{"id":585,"date":"2019-10-18T17:53:48","date_gmt":"2019-10-18T14:53:48","guid":{"rendered":"http:\/\/yeni.demirkayamuhendislik.com\/?post_type=product&#038;p=585"},"modified":"2019-10-18T17:53:48","modified_gmt":"2019-10-18T14:53:48","slug":"vai-8-multi-inverter-klimalar","status":"publish","type":"product","link":"https:\/\/demirkayamuhendislik.com\/?product=vai-8-multi-inverter-klimalar","title":{"rendered":"VAI 8 Multi Inverter Klimalar"},"content":{"rendered":"","protected":false},"excerpt":{"rendered":"<div class=\"productdetail--headlines\">\n<h2 data-index-field=\"meta_product_subheadline\">4 \u0130\u00e7 \u00dcniteye Kadar Ba\u011flant\u0131 \u0130mkan\u0131 Sunan D\u00f6rt D\u00f6rtl\u00fck \u00c7\u00f6z\u00fcmler!<\/h2>\n<\/div>\n<div class=\"productdetail--stage\">\n<div class=\"connected-carousels carousel-small carousel--navigation-miniature\">\n<div class=\"stage\">\n<div class=\"carousel carousel-stage\" data-jcarousel=\"true\" data-jcarouselautoscroll=\"true\">\n<ul class=\"jcarousel-list\">\n<li data-index-fields=\"meta_product_usps\">A++ Enerji verimlili\u011fine sahiptir.<\/li>\n<li data-index-fields=\"meta_product_usps\">DC Inverter teknolojisi ile ekstra verimlilik sa\u011flayarak cebinizi korur<\/li>\n<li data-index-fields=\"meta_product_usps\">R32 so\u011futucu ak\u0131\u015fkan sayesinde daha \u00e7evrecidir<\/li>\n<li data-index-fields=\"meta_product_usps\">\u00d6zel fonksiyonlar sayesinde (I FEEL, SLEEP ve Tasarruf fonksiyonu) t\u00fcketiciye konfor sunulmaktad\u0131r<\/li>\n<li data-index-fields=\"meta_product_usps\">Beyaz ve \u015f\u0131k i\u00e7 \u00fcniteler i\u00e7 mekanlara kolayca uyum sa\u011flar<\/li>\n<\/ul>\n<\/div>\n<\/div>\n<\/div>\n<\/div>\n","protected":false},"featured_media":589,"comment_status":"closed","ping_status":"closed","template":"","meta":[],"product_cat":[28],"product_tag":[],"aioseo_notices":[],"_links":{"self":[{"href":"https:\/\/demirkayamuhendislik.com\/index.php?rest_route=\/wp\/v2\/product\/585"}],"collection":[{"href":"https:\/\/demirkayamuhendislik.com\/index.php?rest_route=\/wp\/v2\/product"}],"about":[{"href":"https:\/\/demirkayamuhendislik.com\/index.php?rest_route=\/wp\/v2\/types\/product"}],"replies":[{"embeddable":true,"href":"https:\/\/demirkayamuhendislik.com\/index.php?rest_route=%2Fwp%2Fv2%2Fcomments&post=585"}],"wp:featuredmedia":[{"embeddable":true,"href":"https:\/\/demirkayamuhendislik.com\/index.php?rest_route=\/wp\/v2\/media\/589"}],"wp:attachment":[{"href":"https:\/\/demirkayamuhendislik.com\/index.php?rest_route=%2Fwp%2Fv2%2Fmedia&parent=585"}],"wp:term":[{"taxonomy":"product_cat","embeddable":true,"href":"https:\/\/demirkayamuhendislik.com\/index.php?rest_route=%2Fwp%2Fv2%2Fproduct_cat&post=585"},{"taxonomy":"product_tag","embeddable":true,"href":"https:\/\/demirkayamuhendislik.com\/index.php?rest_route=%2Fwp%2Fv2%2Fproduct_tag&post=585"}],"curies":[{"name":"wp","href":"https:\/\/api.w.org\/{rel}","templated":true}]}}